{"id":1791,"date":"2023-03-26T23:46:03","date_gmt":"2023-03-26T23:46:03","guid":{"rendered":"https:\/\/bodegapunku.com\/?page_id=1791"},"modified":"2024-07-09T22:49:14","modified_gmt":"2024-07-09T22:49:14","slug":"politica-de-cookies","status":"publish","type":"page","link":"https:\/\/bodegapunku.com\/en\/politica-de-cookies","title":{"rendered":"Cookies Policy"},"content":{"rendered":"<div data-elementor-type=\"wp-page\" data-elementor-id=\"1791\" class=\"elementor elementor-1791\">\n\t\t\t\t\t\t<section class=\"elementor-section elementor-top-section elementor-element elementor-element-11954527 elementor-section-height-min-height elementor-section-boxed elementor-section-height-default elementor-section-items-middle\" data-id=\"11954527\" data-element_type=\"section\" data-settings=\"{&quot;background_background&quot;:&quot;classic&quot;,&quot;animation&quot;:&quot;none&quot;,&quot;shape_divider_bottom&quot;:&quot;wave-brush&quot;}\">\n\t\t\t\t\t\t\t<div class=\"elementor-background-overlay\"><\/div>\n\t\t\t\t\t\t<div class=\"elementor-shape elementor-shape-bottom\" data-negative=\"false\">\n\t\t\t<svg xmlns=\"http:\/\/www.w3.org\/2000\/svg\" viewbox=\"0 0 283.5 27.8\" preserveaspectratio=\"none\">\n\t<path class=\"elementor-shape-fill\" d=\"M283.5,9.7c0,0-7.3,4.3-14,4.6c-6.8,0.3-12.6,0-20.9-1.5c-11.3-2-33.1-10.1-44.7-5.7\ts-12.1,4.6-18,7.4c-6.6,3.2-20,9.6-36.6,9.3C131.6,23.5,99.5,7.2,86.3,8c-1.4,0.1-6.6,0.8-10.5,2c-3.8,1.2-9.4,3.8-17,4.7\tc-3.2,0.4-8.3,1.1-14.2,0.9c-1.5-0.1-6.3-0.4-12-1.6c-5.7-1.2-11-3.1-15.8-3.7C6.5,9.2,0,10.8,0,10.8V0h283.5V9.7z M260.8,11.3\tc-0.7-1-2-0.4-4.3-0.4c-2.3,0-6.1-1.2-5.8-1.1c0.3,0.1,3.1,1.5,6,1.9C259.7,12.2,261.4,12.3,260.8,11.3z M242.4,8.6\tc0,0-2.4-0.2-5.6-0.9c-3.2-0.8-10.3-2.8-15.1-3.5c-8.2-1.1-15.8,0-15.1,0.1c0.8,0.1,9.6-0.6,17.6,1.1c3.3,0.7,9.3,2.2,12.4,2.7\tC239.9,8.7,242.4,8.6,242.4,8.6z M185.2,8.5c1.7-0.7-13.3,4.7-18.5,6.1c-2.1,0.6-6.2,1.6-10,2c-3.9,0.4-8.9,0.4-8.8,0.5\tc0,0.2,5.8,0.8,11.2,0c5.4-0.8,5.2-1.1,7.6-1.6C170.5,14.7,183.5,9.2,185.2,8.5z M199.1,6.9c0.2,0-0.8-0.4-4.8,1.1\tc-4,1.5-6.7,3.5-6.9,3.7c-0.2,0.1,3.5-1.8,6.6-3C197,7.5,199,6.9,199.1,6.9z M283,6c-0.1,0.1-1.9,1.1-4.8,2.5s-6.9,2.8-6.7,2.7\tc0.2,0,3.5-0.6,7.4-2.5C282.8,6.8,283.1,5.9,283,6z M31.3,11.6c0.1-0.2-1.9-0.2-4.5-1.2s-5.4-1.6-7.8-2C15,7.6,7.3,8.5,7.7,8.6\tC8,8.7,15.9,8.3,20.2,9.3c2.2,0.5,2.4,0.5,5.7,1.6S31.2,11.9,31.3,11.6z M73,9.2c0.4-0.1,3.5-1.6,8.4-2.6c4.9-1.1,8.9-0.5,8.9-0.8\tc0-0.3-1-0.9-6.2-0.3S72.6,9.3,73,9.2z M71.6,6.7C71.8,6.8,75,5.4,77.3,5c2.3-0.3,1.9-0.5,1.9-0.6c0-0.1-1.1-0.2-2.7,0.2\tC74.8,5.1,71.4,6.6,71.6,6.7z M93.6,4.4c0.1,0.2,3.5,0.8,5.6,1.8c2.1,1,1.8,0.6,1.9,0.5c0.1-0.1-0.8-0.8-2.4-1.3\tC97.1,4.8,93.5,4.2,93.6,4.4z M65.4,11.1c-0.1,0.3,0.3,0.5,1.9-0.2s2.6-1.3,2.2-1.2s-0.9,0.4-2.5,0.8C65.3,10.9,65.5,10.8,65.4,11.1\tz M34.5,12.4c-0.2,0,2.1,0.8,3.3,0.9c1.2,0.1,2,0.1,2-0.2c0-0.3-0.1-0.5-1.6-0.4C36.6,12.8,34.7,12.4,34.5,12.4z M152.2,21.1\tc-0.1,0.1-2.4-0.3-7.5-0.3c-5,0-13.6-2.4-17.2-3.5c-3.6-1.1,10,3.9,16.5,4.1C150.5,21.6,152.3,21,152.2,21.1z\"\/>\n\t<path class=\"elementor-shape-fill\" d=\"M269.6,18c-0.1-0.1-4.6,0.3-7.2,0c-7.3-0.7-17-3.2-16.6-2.9c0.4,0.3,13.7,3.1,17,3.3\tC267.7,18.8,269.7,18,269.6,18z\"\/>\n\t<path class=\"elementor-shape-fill\" d=\"M227.4,9.8c-0.2-0.1-4.5-1-9.5-1.2c-5-0.2-12.7,0.6-12.3,0.5c0.3-0.1,5.9-1.8,13.3-1.2\tS227.6,9.9,227.4,9.8z\"\/>\n\t<path class=\"elementor-shape-fill\" d=\"M204.5,13.4c-0.1-0.1,2-1,3.2-1.1c1.2-0.1,2,0,2,0.3c0,0.3-0.1,0.5-1.6,0.4\tC206.4,12.9,204.6,13.5,204.5,13.4z\"\/>\n\t<path class=\"elementor-shape-fill\" d=\"M201,10.6c0-0.1-4.4,1.2-6.3,2.2c-1.9,0.9-6.2,3.1-6.1,3.1c0.1,0.1,4.2-1.6,6.3-2.6\tS201,10.7,201,10.6z\"\/>\n\t<path class=\"elementor-shape-fill\" d=\"M154.5,26.7c-0.1-0.1-4.6,0.3-7.2,0c-7.3-0.7-17-3.2-16.6-2.9c0.4,0.3,13.7,3.1,17,3.3\tC152.6,27.5,154.6,26.8,154.5,26.7z\"\/>\n\t<path class=\"elementor-shape-fill\" d=\"M41.9,19.3c0,0,1.2-0.3,2.9-0.1c1.7,0.2,5.8,0.9,8.2,0.7c4.2-0.4,7.4-2.7,7-2.6\tc-0.4,0-4.3,2.2-8.6,1.9c-1.8-0.1-5.1-0.5-6.7-0.4S41.9,19.3,41.9,19.3z\"\/>\n\t<path class=\"elementor-shape-fill\" d=\"M75.5,12.6c0.2,0.1,2-0.8,4.3-1.1c2.3-0.2,2.1-0.3,2.1-0.5c0-0.1-1.8-0.4-3.4,0\tC76.9,11.5,75.3,12.5,75.5,12.6z\"\/>\n\t<path class=\"elementor-shape-fill\" d=\"M15.6,13.2c0-0.1,4.3,0,6.7,0.5c2.4,0.5,5,1.9,5,2c0,0.1-2.7-0.8-5.1-1.4\tC19.9,13.7,15.7,13.3,15.6,13.2z\"\/>\n<\/svg>\t\t<\/div>\n\t\t\t\t\t<div class=\"elementor-container elementor-column-gap-no\">\n\t\t\t\t\t<div class=\"elementor-column elementor-col-100 elementor-top-column elementor-element elementor-element-3ff9255d\" data-id=\"3ff9255d\" data-element_type=\"column\">\n\t\t\t<div class=\"elementor-widget-wrap elementor-element-populated\">\n\t\t\t\t\t\t<div class=\"elementor-element elementor-element-1a7d52b9 elementor-widget elementor-widget-heading\" data-id=\"1a7d52b9\" data-element_type=\"widget\" data-widget_type=\"heading.default\">\n\t\t\t\t<div class=\"elementor-widget-container\">\n\t\t\t<style>\/*! elementor - v3.22.0 - 26-06-2024 *\/\n.elementor-heading-title{padding:0;margin:0;line-height:1}.elementor-widget-heading .elementor-heading-title[class*=elementor-size-]>a{color:inherit;font-size:inherit;line-height:inherit}.elementor-widget-heading .elementor-heading-title.elementor-size-small{font-size:15px}.elementor-widget-heading .elementor-heading-title.elementor-size-medium{font-size:19px}.elementor-widget-heading .elementor-heading-title.elementor-size-large{font-size:29px}.elementor-widget-heading .elementor-heading-title.elementor-size-xl{font-size:39px}.elementor-widget-heading .elementor-heading-title.elementor-size-xxl{font-size:59px}<\/style><h1 class=\"elementor-heading-title elementor-size-default\">Cookies Policy<\/h1>\t\t<\/div>\n\t\t\t\t<\/div>\n\t\t\t\t\t<\/div>\n\t\t<\/div>\n\t\t\t\t\t<\/div>\n\t\t<\/section>\n\t\t\t\t<section class=\"elementor-section elementor-top-section elementor-element elementor-element-0c6b20a elementor-section-boxed elementor-section-height-default elementor-section-height-default\" data-id=\"0c6b20a\" data-element_type=\"section\" id=\"about\" data-settings=\"{&quot;background_background&quot;:&quot;classic&quot;}\">\n\t\t\t\t\t\t\t<div class=\"elementor-background-overlay\"><\/div>\n\t\t\t\t\t\t\t<div class=\"elementor-container elementor-column-gap-no\">\n\t\t\t\t\t<div class=\"elementor-column elementor-col-100 elementor-top-column elementor-element elementor-element-87338d2\" data-id=\"87338d2\" data-element_type=\"column\">\n\t\t\t<div class=\"elementor-widget-wrap elementor-element-populated\">\n\t\t\t\t\t\t<div class=\"elementor-element elementor-element-4f61ee4 elementor-widget elementor-widget-text-editor\" data-id=\"4f61ee4\" data-element_type=\"widget\" data-widget_type=\"text-editor.default\">\n\t\t\t\t<div class=\"elementor-widget-container\">\n\t\t\t<style>\/*! elementor - v3.22.0 - 26-06-2024 *\/\n.elementor-widget-text-editor.elementor-drop-cap-view-stacked .elementor-drop-cap{background-color:#69727d;color:#fff}.elementor-widget-text-editor.elementor-drop-cap-view-framed .elementor-drop-cap{color:#69727d;border:3px solid;background-color:transparent}.elementor-widget-text-editor:not(.elementor-drop-cap-view-default) .elementor-drop-cap{margin-top:8px}.elementor-widget-text-editor:not(.elementor-drop-cap-view-default) .elementor-drop-cap-letter{width:1em;height:1em}.elementor-widget-text-editor .elementor-drop-cap{float:left;text-align:center;line-height:1;font-size:50px}.elementor-widget-text-editor .elementor-drop-cap-letter{display:inline-block}<\/style>\t\t\t\tEn este sitio web, propiedad de Bodega Punku, utilizamos cookies para mejorar su experiencia de navegaci\u00f3n y para fines anal\u00edticos y publicitarios. A continuaci\u00f3n, le explicamos qu\u00e9 son las cookies, qu\u00e9 tipo de cookies utilizamos en este sitio web y c\u00f3mo puede controlarlas.\t\t\t\t\t\t<\/div>\n\t\t\t\t<\/div>\n\t\t\t\t<div class=\"elementor-element elementor-element-b11105a elementor-widget elementor-widget-heading\" data-id=\"b11105a\" data-element_type=\"widget\" data-widget_type=\"heading.default\">\n\t\t\t\t<div class=\"elementor-widget-container\">\n\t\t\t<h3 class=\"elementor-heading-title elementor-size-large\">\u00bfQu\u00e9 son las cookies?<\/h3>\t\t<\/div>\n\t\t\t\t<\/div>\n\t\t\t\t<div class=\"elementor-element elementor-element-02de37a elementor-widget elementor-widget-text-editor\" data-id=\"02de37a\" data-element_type=\"widget\" data-widget_type=\"text-editor.default\">\n\t\t\t\t<div class=\"elementor-widget-container\">\n\t\t\t\t\t\t\tLas cookies son peque\u00f1os archivos de texto que se descargan en su ordenador o dispositivo m\u00f3vil cuando visita un sitio web. Las cookies permiten que el sitio web reconozca su dispositivo y almacene informaci\u00f3n sobre sus preferencias o acciones anteriores. Las cookies tambi\u00e9n se utilizan para recopilar informaci\u00f3n sobre c\u00f3mo los visitantes utilizan el sitio web y para ofrecer anuncios personalizados.\t\t\t\t\t\t<\/div>\n\t\t\t\t<\/div>\n\t\t\t\t<div class=\"elementor-element elementor-element-e17ec2c elementor-widget elementor-widget-heading\" data-id=\"e17ec2c\" data-element_type=\"widget\" data-widget_type=\"heading.default\">\n\t\t\t\t<div class=\"elementor-widget-container\">\n\t\t\t<h3 class=\"elementor-heading-title elementor-size-large\">\u00bfQu\u00e9 tipo de cookies utilizamos?<\/h3>\t\t<\/div>\n\t\t\t\t<\/div>\n\t\t\t\t<div class=\"elementor-element elementor-element-b6f11b5 elementor-widget elementor-widget-text-editor\" data-id=\"b6f11b5\" data-element_type=\"widget\" data-widget_type=\"text-editor.default\">\n\t\t\t\t<div class=\"elementor-widget-container\">\n\t\t\t\t\t\t\tUtilizamos cookies de sesi\u00f3n y cookies persistentes en nuestro sitio web. Las cookies de sesi\u00f3n se eliminan autom\u00e1ticamente al cerrar el navegador, mientras que las cookies persistentes permanecen en su dispositivo hasta que expiren o hasta que las elimine manualmente.\n\nAdem\u00e1s, utilizamos cookies propias y de terceros. Las cookies propias son cookies que se crean y gestionan por nosotros, mientras que las cookies de terceros son cookies que se crean y gestionan por otras empresas, como proveedores de servicios de an\u00e1lisis y publicidad.\n\nEn concreto, en este sitio web utilizamos los siguientes tipos de cookies:\n\nCookies t\u00e9cnicas: son esenciales para el funcionamiento del sitio web y permiten la navegaci\u00f3n y el acceso a \u00e1reas seguras del mismo.\n\nCookies de an\u00e1lisis: nos permiten recopilar informaci\u00f3n sobre c\u00f3mo los visitantes utilizan el sitio web, como las p\u00e1ginas visitadas, el tiempo de visita y los errores que pueden surgir durante la navegaci\u00f3n. Utilizamos esta informaci\u00f3n para mejorar el sitio web y la experiencia de usuario.\n\nCookies de publicidad: nos permiten ofrecer anuncios personalizados basados en sus intereses y preferencias. Tambi\u00e9n nos permiten limitar el n\u00famero de veces que se muestra un anuncio y medir la eficacia de una campa\u00f1a publicitaria.\t\t\t\t\t\t<\/div>\n\t\t\t\t<\/div>\n\t\t\t\t<div class=\"elementor-element elementor-element-b5d51bf elementor-widget elementor-widget-heading\" data-id=\"b5d51bf\" data-element_type=\"widget\" data-widget_type=\"heading.default\">\n\t\t\t\t<div class=\"elementor-widget-container\">\n\t\t\t<h3 class=\"elementor-heading-title elementor-size-large\">\u00bfC\u00f3mo puede controlar las cookies?<\/h3>\t\t<\/div>\n\t\t\t\t<\/div>\n\t\t\t\t<div class=\"elementor-element elementor-element-e766288 elementor-widget elementor-widget-text-editor\" data-id=\"e766288\" data-element_type=\"widget\" data-widget_type=\"text-editor.default\">\n\t\t\t\t<div class=\"elementor-widget-container\">\n\t\t\t\t\t\t\tPuede controlar y gestionar las cookies de varias maneras. La mayor\u00eda de los navegadores web permiten aceptar o rechazar todas las cookies, aceptar solo ciertas cookies o pedirle que se le notifique cada vez que un sitio web intenta colocar una cookie en su dispositivo. Tambi\u00e9n puede eliminar las cookies existentes de su dispositivo en cualquier momento.\n\nTenga en cuenta que al desactivar o rechazar las cookies, es posible que algunas funciones de nuestro sitio web no est\u00e9n disponibles o no funcionen correctamente.\n\nSi tiene alguna pregunta o comentario sobre nuestra pol\u00edtica de cookies, no dude en ponerse en contacto con nosotros a trav\u00e9s de nuestro sitio web.\n\nFecha de \u00faltima actualizaci\u00f3n: 1 de abril de 2023.\t\t\t\t\t\t<\/div>\n\t\t\t\t<\/div>\n\t\t\t\t\t<\/div>\n\t\t<\/div>\n\t\t\t\t\t<\/div>\n\t\t<\/section>\n\t\t\t\t<\/div>","protected":false},"excerpt":{"rendered":"<p>Pol\u00edtica de cookies En este sitio web, propiedad de Bodega Punku, utilizamos cookies para mejorar su experiencia de navegaci\u00f3n y para fines anal\u00edticos y publicitarios. A continuaci\u00f3n, le explicamos qu\u00e9 son las cookies, qu\u00e9 tipo de cookies utilizamos en este sitio web y c\u00f3mo puede controlarlas. \u00bfQu\u00e9 son las cookies? Las cookies son peque\u00f1os archivos [&hellip;]<\/p>","protected":false},"author":1,"featured_media":0,"parent":0,"menu_order":0,"comment_status":"closed","ping_status":"closed","template":"","meta":{"_uag_custom_page_level_css":"","site-sidebar-layout":"no-sidebar","site-content-layout":"page-builder","ast-site-content-layout":"full-width-container","site-content-style":"unboxed","site-sidebar-style":"unboxed","ast-global-header-display":"","ast-banner-title-visibility":"","ast-main-header-display":"","ast-hfb-above-header-display":"","ast-hfb-below-header-display":"","ast-hfb-mobile-header-display":"","site-post-title":"disabled","ast-breadcrumbs-content":"disabled","ast-featured-img":"disabled","footer-sml-layout":"","theme-transparent-header-meta":"enabled","adv-header-id-meta":"","stick-header-meta":"","header-above-stick-meta":"","header-main-stick-meta":"","header-below-stick-meta":"","astra-migrate-meta-layouts":"set","ast-page-background-enabled":"default","ast-page-background-meta":{"desktop":{"background-color":"","background-image":"","background-repeat":"repeat","background-position":"center center","background-size":"auto","background-attachment":"scroll","background-type":"","background-media":"","overlay-type":"","overlay-color":"","overlay-gradient":""},"tablet":{"background-color":"","background-image":"","background-repeat":"repeat","background-position":"center center","background-size":"auto","background-attachment":"scroll","background-type":"","background-media":"","overlay-type":"","overlay-color":"","overlay-gradient":""},"mobile":{"background-color":"","background-image":"","background-repeat":"repeat","background-position":"center center","background-size":"auto","background-attachment":"scroll","background-type":"","background-media":"","overlay-type":"","overlay-color":"","overlay-gradient":""}},"ast-content-background-meta":{"desktop":{"background-color":"var(--ast-global-color-5)","background-image":"","background-repeat":"repeat","background-position":"center center","background-size":"auto","background-attachment":"scroll","background-type":"","background-media":"","overlay-type":"","overlay-color":"","overlay-gradient":""},"tablet":{"background-color":"var(--ast-global-color-5)","background-image":"","background-repeat":"repeat","background-position":"center center","background-size":"auto","background-attachment":"scroll","background-type":"","background-media":"","overlay-type":"","overlay-color":"","overlay-gradient":""},"mobile":{"background-color":"var(--ast-global-color-5)","background-image":"","background-repeat":"repeat","background-position":"center center","background-size":"auto","background-attachment":"scroll","background-type":"","background-media":"","overlay-type":"","overlay-color":"","overlay-gradient":""}},"footnotes":""},"class_list":["post-1791","page","type-page","status-publish","hentry"],"yoast_head":"<!-- This site is optimized with the Yoast SEO plugin v23.0 - https:\/\/yoast.com\/wordpress\/plugins\/seo\/ -->\n<title>Pol\u00edtica de cookies | Bodega Punku<\/title>\n<meta name=\"robots\" content=\"noindex, nofollow\" \/>\n<meta property=\"og:locale\" content=\"en_US\" \/>\n<meta property=\"og:type\" content=\"article\" \/>\n<meta property=\"og:title\" content=\"Pol\u00edtica de cookies | Bodega Punku\" \/>\n<meta property=\"og:description\" content=\"Pol\u00edtica de cookies En este sitio web, propiedad de Bodega Punku, utilizamos cookies para mejorar su experiencia de navegaci\u00f3n y para fines anal\u00edticos y publicitarios. A continuaci\u00f3n, le explicamos qu\u00e9 son las cookies, qu\u00e9 tipo de cookies utilizamos en este sitio web y c\u00f3mo puede controlarlas. \u00bfQu\u00e9 son las cookies? Las cookies son peque\u00f1os archivos [&hellip;]\" \/>\n<meta property=\"og:url\" content=\"https:\/\/bodegapunku.com\/en\/politica-de-cookies\" \/>\n<meta property=\"og:site_name\" content=\"Bodega Punku\" \/>\n<meta property=\"article:publisher\" content=\"https:\/\/www.instagram.com\/bodegapunku\/\" \/>\n<meta property=\"article:modified_time\" content=\"2024-07-09T22:49:14+00:00\" \/>\n<meta property=\"og:image\" content=\"https:\/\/bodegapunku.com\/wp-content\/uploads\/2024\/06\/Bodega_Punku_Vinos.webp\" \/>\n\t<meta property=\"og:image:width\" content=\"1200\" \/>\n\t<meta property=\"og:image:height\" content=\"675\" \/>\n\t<meta property=\"og:image:type\" content=\"image\/webp\" \/>\n<meta name=\"twitter:card\" content=\"summary_large_image\" \/>\n<meta name=\"twitter:label1\" content=\"Est. reading time\" \/>\n\t<meta name=\"twitter:data1\" content=\"2 minutes\" \/>\n<script type=\"application\/ld+json\" class=\"yoast-schema-graph\">{\"@context\":\"https:\/\/schema.org\",\"@graph\":[{\"@type\":\"WebPage\",\"@id\":\"https:\/\/bodegapunku.com\/en\/politica-de-cookies\",\"url\":\"https:\/\/bodegapunku.com\/en\/politica-de-cookies\",\"name\":\"Pol\u00edtica de cookies | Bodega Punku\",\"isPartOf\":{\"@id\":\"http:\/\/bodegapunku.com\/#website\"},\"datePublished\":\"2023-03-26T23:46:03+00:00\",\"dateModified\":\"2024-07-09T22:49:14+00:00\",\"breadcrumb\":{\"@id\":\"https:\/\/bodegapunku.com\/en\/politica-de-cookies#breadcrumb\"},\"inLanguage\":\"en-US\",\"potentialAction\":[{\"@type\":\"ReadAction\",\"target\":[\"https:\/\/bodegapunku.com\/en\/politica-de-cookies\"]}]},{\"@type\":\"BreadcrumbList\",\"@id\":\"https:\/\/bodegapunku.com\/en\/politica-de-cookies#breadcrumb\",\"itemListElement\":[{\"@type\":\"ListItem\",\"position\":1,\"name\":\"Portada\",\"item\":\"http:\/\/bodegapunku.com\/\"},{\"@type\":\"ListItem\",\"position\":2,\"name\":\"Pol\u00edtica de cookies\"}]},{\"@type\":\"WebSite\",\"@id\":\"http:\/\/bodegapunku.com\/#website\",\"url\":\"http:\/\/bodegapunku.com\/\",\"name\":\"Bodega Punku\",\"description\":\"Punku Cowinery, con sus ra\u00edces en Catalu\u00f1a y parte de su coraz\u00f3n en el norte argentino, es una casa de vinos que tiene guardado un lugar e historias para compartir contigo. Adelante, \u00a1pasa y disfruta!\",\"publisher\":{\"@id\":\"http:\/\/bodegapunku.com\/#organization\"},\"potentialAction\":[{\"@type\":\"SearchAction\",\"target\":{\"@type\":\"EntryPoint\",\"urlTemplate\":\"http:\/\/bodegapunku.com\/?s={search_term_string}\"},\"query-input\":\"required name=search_term_string\"}],\"inLanguage\":\"en-US\"},{\"@type\":\"Organization\",\"@id\":\"http:\/\/bodegapunku.com\/#organization\",\"name\":\"Bodega Punku\",\"url\":\"http:\/\/bodegapunku.com\/\",\"logo\":{\"@type\":\"ImageObject\",\"inLanguage\":\"en-US\",\"@id\":\"http:\/\/bodegapunku.com\/#\/schema\/logo\/image\/\",\"url\":\"https:\/\/bodegapunku.com\/wp-content\/uploads\/2024\/04\/Punku-sello-positivo.jpg\",\"contentUrl\":\"https:\/\/bodegapunku.com\/wp-content\/uploads\/2024\/04\/Punku-sello-positivo.jpg\",\"width\":1684,\"height\":1190,\"caption\":\"Bodega Punku\"},\"image\":{\"@id\":\"http:\/\/bodegapunku.com\/#\/schema\/logo\/image\/\"},\"sameAs\":[\"https:\/\/www.instagram.com\/bodegapunku\/\"]}]}<\/script>\n<!-- \/ Yoast SEO plugin. -->","yoast_head_json":{"title":"Pol\u00edtica de cookies | Bodega Punku","robots":{"index":"noindex","follow":"nofollow"},"og_locale":"en_US","og_type":"article","og_title":"Pol\u00edtica de cookies | Bodega Punku","og_description":"Pol\u00edtica de cookies En este sitio web, propiedad de Bodega Punku, utilizamos cookies para mejorar su experiencia de navegaci\u00f3n y para fines anal\u00edticos y publicitarios. A continuaci\u00f3n, le explicamos qu\u00e9 son las cookies, qu\u00e9 tipo de cookies utilizamos en este sitio web y c\u00f3mo puede controlarlas. \u00bfQu\u00e9 son las cookies? Las cookies son peque\u00f1os archivos [&hellip;]","og_url":"https:\/\/bodegapunku.com\/en\/politica-de-cookies","og_site_name":"Bodega Punku","article_publisher":"https:\/\/www.instagram.com\/bodegapunku\/","article_modified_time":"2024-07-09T22:49:14+00:00","og_image":[{"width":1200,"height":675,"url":"https:\/\/bodegapunku.com\/wp-content\/uploads\/2024\/06\/Bodega_Punku_Vinos.webp","type":"image\/webp"}],"twitter_card":"summary_large_image","twitter_misc":{"Est. reading time":"2 minutes"},"schema":{"@context":"https:\/\/schema.org","@graph":[{"@type":"WebPage","@id":"https:\/\/bodegapunku.com\/en\/politica-de-cookies","url":"https:\/\/bodegapunku.com\/en\/politica-de-cookies","name":"Pol\u00edtica de cookies | Bodega Punku","isPartOf":{"@id":"http:\/\/bodegapunku.com\/#website"},"datePublished":"2023-03-26T23:46:03+00:00","dateModified":"2024-07-09T22:49:14+00:00","breadcrumb":{"@id":"https:\/\/bodegapunku.com\/en\/politica-de-cookies#breadcrumb"},"inLanguage":"en-US","potentialAction":[{"@type":"ReadAction","target":["https:\/\/bodegapunku.com\/en\/politica-de-cookies"]}]},{"@type":"BreadcrumbList","@id":"https:\/\/bodegapunku.com\/en\/politica-de-cookies#breadcrumb","itemListElement":[{"@type":"ListItem","position":1,"name":"Portada","item":"http:\/\/bodegapunku.com\/"},{"@type":"ListItem","position":2,"name":"Pol\u00edtica de cookies"}]},{"@type":"WebSite","@id":"http:\/\/bodegapunku.com\/#website","url":"http:\/\/bodegapunku.com\/","name":"Bodega Punku","description":"Punku Cowinery, con sus ra\u00edces en Catalu\u00f1a y parte de su coraz\u00f3n en el norte argentino, es una casa de vinos que tiene guardado un lugar e historias para compartir contigo. Adelante, \u00a1pasa y disfruta!","publisher":{"@id":"http:\/\/bodegapunku.com\/#organization"},"potentialAction":[{"@type":"SearchAction","target":{"@type":"EntryPoint","urlTemplate":"http:\/\/bodegapunku.com\/?s={search_term_string}"},"query-input":"required name=search_term_string"}],"inLanguage":"en-US"},{"@type":"Organization","@id":"http:\/\/bodegapunku.com\/#organization","name":"Bodega Punku","url":"http:\/\/bodegapunku.com\/","logo":{"@type":"ImageObject","inLanguage":"en-US","@id":"http:\/\/bodegapunku.com\/#\/schema\/logo\/image\/","url":"https:\/\/bodegapunku.com\/wp-content\/uploads\/2024\/04\/Punku-sello-positivo.jpg","contentUrl":"https:\/\/bodegapunku.com\/wp-content\/uploads\/2024\/04\/Punku-sello-positivo.jpg","width":1684,"height":1190,"caption":"Bodega Punku"},"image":{"@id":"http:\/\/bodegapunku.com\/#\/schema\/logo\/image\/"},"sameAs":["https:\/\/www.instagram.com\/bodegapunku\/"]}]}},"uagb_featured_image_src":{"full":false,"thumbnail":false,"medium":false,"medium_large":false,"large":false,"1536x1536":false,"2048x2048":false,"trp-custom-language-flag":false},"uagb_author_info":{"display_name":"adminP2302","author_link":"https:\/\/bodegapunku.com\/en\/author\/adminp2302"},"uagb_comment_info":0,"uagb_excerpt":"Pol\u00edtica de cookies En este sitio web, propiedad de Bodega Punku, utilizamos cookies para mejorar su experiencia de navegaci\u00f3n y para fines anal\u00edticos y publicitarios. A continuaci\u00f3n, le explicamos qu\u00e9 son las cookies, qu\u00e9 tipo de cookies utilizamos en este sitio web y c\u00f3mo puede controlarlas. \u00bfQu\u00e9 son las cookies? Las cookies son peque\u00f1os archivos&hellip;","_links":{"self":[{"href":"https:\/\/bodegapunku.com\/en\/wp-json\/wp\/v2\/pages\/1791","targetHints":{"allow":["GET"]}}],"collection":[{"href":"https:\/\/bodegapunku.com\/en\/wp-json\/wp\/v2\/pages"}],"about":[{"href":"https:\/\/bodegapunku.com\/en\/wp-json\/wp\/v2\/types\/page"}],"author":[{"embeddable":true,"href":"https:\/\/bodegapunku.com\/en\/wp-json\/wp\/v2\/users\/1"}],"replies":[{"embeddable":true,"href":"https:\/\/bodegapunku.com\/en\/wp-json\/wp\/v2\/comments?post=1791"}],"version-history":[{"count":20,"href":"https:\/\/bodegapunku.com\/en\/wp-json\/wp\/v2\/pages\/1791\/revisions"}],"predecessor-version":[{"id":3906,"href":"https:\/\/bodegapunku.com\/en\/wp-json\/wp\/v2\/pages\/1791\/revisions\/3906"}],"wp:attachment":[{"href":"https:\/\/bodegapunku.com\/en\/wp-json\/wp\/v2\/media?parent=1791"}],"curies":[{"name":"wp","href":"https:\/\/api.w.org\/{rel}","templated":true}]}}