{"id":1774,"date":"2023-03-26T22:56:14","date_gmt":"2023-03-26T22:56:14","guid":{"rendered":"https:\/\/bodegapunku.com\/?page_id=1774"},"modified":"2024-07-09T22:53:13","modified_gmt":"2024-07-09T22:53:13","slug":"terminos-y-condiciones","status":"publish","type":"page","link":"https:\/\/bodegapunku.com\/en\/terminos-y-condiciones","title":{"rendered":"Terms and Conditions"},"content":{"rendered":"<div data-elementor-type=\"wp-page\" data-elementor-id=\"1774\" class=\"elementor elementor-1774\">\n\t\t\t\t\t\t<section class=\"elementor-section elementor-top-section elementor-element elementor-element-426cf01e elementor-section-height-min-height elementor-section-boxed elementor-section-height-default elementor-section-items-middle\" data-id=\"426cf01e\" data-element_type=\"section\" data-settings=\"{&quot;background_background&quot;:&quot;classic&quot;,&quot;animation&quot;:&quot;none&quot;,&quot;shape_divider_bottom&quot;:&quot;wave-brush&quot;}\">\n\t\t\t\t\t\t\t<div class=\"elementor-background-overlay\"><\/div>\n\t\t\t\t\t\t<div class=\"elementor-shape elementor-shape-bottom\" data-negative=\"false\">\n\t\t\t<svg xmlns=\"http:\/\/www.w3.org\/2000\/svg\" viewbox=\"0 0 283.5 27.8\" preserveaspectratio=\"none\">\n\t<path class=\"elementor-shape-fill\" d=\"M283.5,9.7c0,0-7.3,4.3-14,4.6c-6.8,0.3-12.6,0-20.9-1.5c-11.3-2-33.1-10.1-44.7-5.7\ts-12.1,4.6-18,7.4c-6.6,3.2-20,9.6-36.6,9.3C131.6,23.5,99.5,7.2,86.3,8c-1.4,0.1-6.6,0.8-10.5,2c-3.8,1.2-9.4,3.8-17,4.7\tc-3.2,0.4-8.3,1.1-14.2,0.9c-1.5-0.1-6.3-0.4-12-1.6c-5.7-1.2-11-3.1-15.8-3.7C6.5,9.2,0,10.8,0,10.8V0h283.5V9.7z M260.8,11.3\tc-0.7-1-2-0.4-4.3-0.4c-2.3,0-6.1-1.2-5.8-1.1c0.3,0.1,3.1,1.5,6,1.9C259.7,12.2,261.4,12.3,260.8,11.3z M242.4,8.6\tc0,0-2.4-0.2-5.6-0.9c-3.2-0.8-10.3-2.8-15.1-3.5c-8.2-1.1-15.8,0-15.1,0.1c0.8,0.1,9.6-0.6,17.6,1.1c3.3,0.7,9.3,2.2,12.4,2.7\tC239.9,8.7,242.4,8.6,242.4,8.6z M185.2,8.5c1.7-0.7-13.3,4.7-18.5,6.1c-2.1,0.6-6.2,1.6-10,2c-3.9,0.4-8.9,0.4-8.8,0.5\tc0,0.2,5.8,0.8,11.2,0c5.4-0.8,5.2-1.1,7.6-1.6C170.5,14.7,183.5,9.2,185.2,8.5z M199.1,6.9c0.2,0-0.8-0.4-4.8,1.1\tc-4,1.5-6.7,3.5-6.9,3.7c-0.2,0.1,3.5-1.8,6.6-3C197,7.5,199,6.9,199.1,6.9z M283,6c-0.1,0.1-1.9,1.1-4.8,2.5s-6.9,2.8-6.7,2.7\tc0.2,0,3.5-0.6,7.4-2.5C282.8,6.8,283.1,5.9,283,6z M31.3,11.6c0.1-0.2-1.9-0.2-4.5-1.2s-5.4-1.6-7.8-2C15,7.6,7.3,8.5,7.7,8.6\tC8,8.7,15.9,8.3,20.2,9.3c2.2,0.5,2.4,0.5,5.7,1.6S31.2,11.9,31.3,11.6z M73,9.2c0.4-0.1,3.5-1.6,8.4-2.6c4.9-1.1,8.9-0.5,8.9-0.8\tc0-0.3-1-0.9-6.2-0.3S72.6,9.3,73,9.2z M71.6,6.7C71.8,6.8,75,5.4,77.3,5c2.3-0.3,1.9-0.5,1.9-0.6c0-0.1-1.1-0.2-2.7,0.2\tC74.8,5.1,71.4,6.6,71.6,6.7z M93.6,4.4c0.1,0.2,3.5,0.8,5.6,1.8c2.1,1,1.8,0.6,1.9,0.5c0.1-0.1-0.8-0.8-2.4-1.3\tC97.1,4.8,93.5,4.2,93.6,4.4z M65.4,11.1c-0.1,0.3,0.3,0.5,1.9-0.2s2.6-1.3,2.2-1.2s-0.9,0.4-2.5,0.8C65.3,10.9,65.5,10.8,65.4,11.1\tz M34.5,12.4c-0.2,0,2.1,0.8,3.3,0.9c1.2,0.1,2,0.1,2-0.2c0-0.3-0.1-0.5-1.6-0.4C36.6,12.8,34.7,12.4,34.5,12.4z M152.2,21.1\tc-0.1,0.1-2.4-0.3-7.5-0.3c-5,0-13.6-2.4-17.2-3.5c-3.6-1.1,10,3.9,16.5,4.1C150.5,21.6,152.3,21,152.2,21.1z\"\/>\n\t<path class=\"elementor-shape-fill\" d=\"M269.6,18c-0.1-0.1-4.6,0.3-7.2,0c-7.3-0.7-17-3.2-16.6-2.9c0.4,0.3,13.7,3.1,17,3.3\tC267.7,18.8,269.7,18,269.6,18z\"\/>\n\t<path class=\"elementor-shape-fill\" d=\"M227.4,9.8c-0.2-0.1-4.5-1-9.5-1.2c-5-0.2-12.7,0.6-12.3,0.5c0.3-0.1,5.9-1.8,13.3-1.2\tS227.6,9.9,227.4,9.8z\"\/>\n\t<path class=\"elementor-shape-fill\" d=\"M204.5,13.4c-0.1-0.1,2-1,3.2-1.1c1.2-0.1,2,0,2,0.3c0,0.3-0.1,0.5-1.6,0.4\tC206.4,12.9,204.6,13.5,204.5,13.4z\"\/>\n\t<path class=\"elementor-shape-fill\" d=\"M201,10.6c0-0.1-4.4,1.2-6.3,2.2c-1.9,0.9-6.2,3.1-6.1,3.1c0.1,0.1,4.2-1.6,6.3-2.6\tS201,10.7,201,10.6z\"\/>\n\t<path class=\"elementor-shape-fill\" d=\"M154.5,26.7c-0.1-0.1-4.6,0.3-7.2,0c-7.3-0.7-17-3.2-16.6-2.9c0.4,0.3,13.7,3.1,17,3.3\tC152.6,27.5,154.6,26.8,154.5,26.7z\"\/>\n\t<path class=\"elementor-shape-fill\" d=\"M41.9,19.3c0,0,1.2-0.3,2.9-0.1c1.7,0.2,5.8,0.9,8.2,0.7c4.2-0.4,7.4-2.7,7-2.6\tc-0.4,0-4.3,2.2-8.6,1.9c-1.8-0.1-5.1-0.5-6.7-0.4S41.9,19.3,41.9,19.3z\"\/>\n\t<path class=\"elementor-shape-fill\" d=\"M75.5,12.6c0.2,0.1,2-0.8,4.3-1.1c2.3-0.2,2.1-0.3,2.1-0.5c0-0.1-1.8-0.4-3.4,0\tC76.9,11.5,75.3,12.5,75.5,12.6z\"\/>\n\t<path class=\"elementor-shape-fill\" d=\"M15.6,13.2c0-0.1,4.3,0,6.7,0.5c2.4,0.5,5,1.9,5,2c0,0.1-2.7-0.8-5.1-1.4\tC19.9,13.7,15.7,13.3,15.6,13.2z\"\/>\n<\/svg>\t\t<\/div>\n\t\t\t\t\t<div class=\"elementor-container elementor-column-gap-no\">\n\t\t\t\t\t<div class=\"elementor-column elementor-col-100 elementor-top-column elementor-element elementor-element-cc6942b\" data-id=\"cc6942b\" data-element_type=\"column\">\n\t\t\t<div class=\"elementor-widget-wrap elementor-element-populated\">\n\t\t\t\t\t\t<div class=\"elementor-element elementor-element-241aaf05 elementor-widget elementor-widget-heading\" data-id=\"241aaf05\" data-element_type=\"widget\" data-widget_type=\"heading.default\">\n\t\t\t\t<div class=\"elementor-widget-container\">\n\t\t\t<style>\/*! elementor - v3.22.0 - 26-06-2024 *\/\n.elementor-heading-title{padding:0;margin:0;line-height:1}.elementor-widget-heading .elementor-heading-title[class*=elementor-size-]>a{color:inherit;font-size:inherit;line-height:inherit}.elementor-widget-heading .elementor-heading-title.elementor-size-small{font-size:15px}.elementor-widget-heading .elementor-heading-title.elementor-size-medium{font-size:19px}.elementor-widget-heading .elementor-heading-title.elementor-size-large{font-size:29px}.elementor-widget-heading .elementor-heading-title.elementor-size-xl{font-size:39px}.elementor-widget-heading .elementor-heading-title.elementor-size-xxl{font-size:59px}<\/style><h1 class=\"elementor-heading-title elementor-size-default\">T\u00e9rminos y Condiciones<\/h1>\t\t<\/div>\n\t\t\t\t<\/div>\n\t\t\t\t\t<\/div>\n\t\t<\/div>\n\t\t\t\t\t<\/div>\n\t\t<\/section>\n\t\t\t\t<section class=\"elementor-section elementor-top-section elementor-element elementor-element-0c6b20a elementor-section-boxed elementor-section-height-default elementor-section-height-default\" data-id=\"0c6b20a\" data-element_type=\"section\" id=\"about\" data-settings=\"{&quot;background_background&quot;:&quot;classic&quot;}\">\n\t\t\t\t\t\t\t<div class=\"elementor-background-overlay\"><\/div>\n\t\t\t\t\t\t\t<div class=\"elementor-container elementor-column-gap-no\">\n\t\t\t\t\t<div class=\"elementor-column elementor-col-100 elementor-top-column elementor-element elementor-element-87338d2\" data-id=\"87338d2\" data-element_type=\"column\">\n\t\t\t<div class=\"elementor-widget-wrap elementor-element-populated\">\n\t\t\t\t\t\t<div class=\"elementor-element elementor-element-3bb3ffd elementor-widget elementor-widget-text-editor\" data-id=\"3bb3ffd\" data-element_type=\"widget\" data-widget_type=\"text-editor.default\">\n\t\t\t\t<div class=\"elementor-widget-container\">\n\t\t\t<style>\/*! elementor - v3.22.0 - 26-06-2024 *\/\n.elementor-widget-text-editor.elementor-drop-cap-view-stacked .elementor-drop-cap{background-color:#69727d;color:#fff}.elementor-widget-text-editor.elementor-drop-cap-view-framed .elementor-drop-cap{color:#69727d;border:3px solid;background-color:transparent}.elementor-widget-text-editor:not(.elementor-drop-cap-view-default) .elementor-drop-cap{margin-top:8px}.elementor-widget-text-editor:not(.elementor-drop-cap-view-default) .elementor-drop-cap-letter{width:1em;height:1em}.elementor-widget-text-editor .elementor-drop-cap{float:left;text-align:center;line-height:1;font-size:50px}.elementor-widget-text-editor .elementor-drop-cap-letter{display:inline-block}<\/style>\t\t\t\t<div id=\"malwarebytes-root\" style=\"position: fixed; inset: 0px 0px auto; z-index: 2147483647; width: 100%;\" tabindex=\"-1\">\u00a0<\/div><p>Bienvenido a Bodega Punku. Estos T\u00e9rminos y Condiciones se aplican al uso del sitio web https:\/\/bodegapunku.com\/ (en adelante, el \u00abSitio Web\u00bb) y los servicios ofrecidos por Bodega Punku a trav\u00e9s del Sitio Web.<\/p><p>Al utilizar el Sitio Web y\/o los servicios ofrecidos por Bodega Punku, el usuario (en adelante, \u00abUsuario\u00bb) acepta estos T\u00e9rminos y Condiciones en su totalidad. Si el Usuario no est\u00e1 de acuerdo con estos T\u00e9rminos y Condiciones o cualquier parte de ellos, no deber\u00e1 utilizar el Sitio Web ni los servicios ofrecidos por Bodega Punku.<\/p>\t\t\t\t\t\t<\/div>\n\t\t\t\t<\/div>\n\t\t\t\t<div class=\"elementor-element elementor-element-6b1f197 elementor-widget elementor-widget-heading\" data-id=\"6b1f197\" data-element_type=\"widget\" data-widget_type=\"heading.default\">\n\t\t\t\t<div class=\"elementor-widget-container\">\n\t\t\t<h2 class=\"elementor-heading-title elementor-size-large\">Servicios<\/h2>\t\t<\/div>\n\t\t\t\t<\/div>\n\t\t\t\t<div class=\"elementor-element elementor-element-4f61ee4 elementor-widget elementor-widget-text-editor\" data-id=\"4f61ee4\" data-element_type=\"widget\" data-widget_type=\"text-editor.default\">\n\t\t\t\t<div class=\"elementor-widget-container\">\n\t\t\t\t\t\t\t<p>Bodega Punku ofrece servicios relacionados con la venta de vinos a trav\u00e9s del Sitio Web. Los productos ofrecidos en el Sitio Web est\u00e1n sujetos a disponibilidad y podr\u00e1n ser modificados en cualquier momento sin previo aviso.<\/p>\t\t\t\t\t\t<\/div>\n\t\t\t\t<\/div>\n\t\t\t\t<div class=\"elementor-element elementor-element-b11105a elementor-widget elementor-widget-heading\" data-id=\"b11105a\" data-element_type=\"widget\" data-widget_type=\"heading.default\">\n\t\t\t\t<div class=\"elementor-widget-container\">\n\t\t\t<h3 class=\"elementor-heading-title elementor-size-large\">Precios y pago<\/h3>\t\t<\/div>\n\t\t\t\t<\/div>\n\t\t\t\t<div class=\"elementor-element elementor-element-02de37a elementor-widget elementor-widget-text-editor\" data-id=\"02de37a\" data-element_type=\"widget\" data-widget_type=\"text-editor.default\">\n\t\t\t\t<div class=\"elementor-widget-container\">\n\t\t\t\t\t\t\tLos precios de los productos ofrecidos en el Sitio Web incluyen los impuestos correspondientes y los gastos de env\u00edo. Bodega Punku se reserva el derecho de modificar los precios en cualquier momento sin previo aviso.\n\nEl pago de los productos se realizar\u00e1 a trav\u00e9s de los medios de pago disponibles en el Sitio Web.\t\t\t\t\t\t<\/div>\n\t\t\t\t<\/div>\n\t\t\t\t<div class=\"elementor-element elementor-element-e17ec2c elementor-widget elementor-widget-heading\" data-id=\"e17ec2c\" data-element_type=\"widget\" data-widget_type=\"heading.default\">\n\t\t\t\t<div class=\"elementor-widget-container\">\n\t\t\t<h3 class=\"elementor-heading-title elementor-size-large\">Entrega<\/h3>\t\t<\/div>\n\t\t\t\t<\/div>\n\t\t\t\t<div class=\"elementor-element elementor-element-b6f11b5 elementor-widget elementor-widget-text-editor\" data-id=\"b6f11b5\" data-element_type=\"widget\" data-widget_type=\"text-editor.default\">\n\t\t\t\t<div class=\"elementor-widget-container\">\n\t\t\t\t\t\t\tLos productos adquiridos en el Sitio Web ser\u00e1n entregados en la direcci\u00f3n proporcionada por el Usuario. Bodega Punku no se hace responsable de los errores en la direcci\u00f3n proporcionada por el Usuario.\n\nEl plazo de entrega depender\u00e1 del destino y ser\u00e1 informado al Usuario en el momento de la compra.\t\t\t\t\t\t<\/div>\n\t\t\t\t<\/div>\n\t\t\t\t<div class=\"elementor-element elementor-element-b5d51bf elementor-widget elementor-widget-heading\" data-id=\"b5d51bf\" data-element_type=\"widget\" data-widget_type=\"heading.default\">\n\t\t\t\t<div class=\"elementor-widget-container\">\n\t\t\t<h3 class=\"elementor-heading-title elementor-size-large\">Propiedad intelectual<\/h3>\t\t<\/div>\n\t\t\t\t<\/div>\n\t\t\t\t<div class=\"elementor-element elementor-element-e766288 elementor-widget elementor-widget-text-editor\" data-id=\"e766288\" data-element_type=\"widget\" data-widget_type=\"text-editor.default\">\n\t\t\t\t<div class=\"elementor-widget-container\">\n\t\t\t\t\t\t\t<p>Todos los contenidos del Sitio Web, incluyendo textos, im\u00e1genes, dise\u00f1os, logotipos, iconos, software, nombres comerciales, marcas y cualquier otra informaci\u00f3n susceptible de protecci\u00f3n por derechos de propiedad intelectual, son propiedad de Bodega Punku o de terceros que han autorizado su uso.<\/p><p>Queda prohibida cualquier reproducci\u00f3n, distribuci\u00f3n, comunicaci\u00f3n p\u00fablica, transformaci\u00f3n o cualquier otra actividad que se pueda realizar con los contenidos del Sitio Web sin la autorizaci\u00f3n expresa de Bodega Punku.<\/p>\t\t\t\t\t\t<\/div>\n\t\t\t\t<\/div>\n\t\t\t\t<div class=\"elementor-element elementor-element-970a236 elementor-widget elementor-widget-heading\" data-id=\"970a236\" data-element_type=\"widget\" data-widget_type=\"heading.default\">\n\t\t\t\t<div class=\"elementor-widget-container\">\n\t\t\t<h3 class=\"elementor-heading-title elementor-size-large\">Responsabilidad<\/h3>\t\t<\/div>\n\t\t\t\t<\/div>\n\t\t\t\t<div class=\"elementor-element elementor-element-84274d5 elementor-widget elementor-widget-text-editor\" data-id=\"84274d5\" data-element_type=\"widget\" data-widget_type=\"text-editor.default\">\n\t\t\t\t<div class=\"elementor-widget-container\">\n\t\t\t\t\t\t\tBodega Punku no ser\u00e1 responsable por los da\u00f1os y perjuicios de cualquier naturaleza que puedan derivarse del uso del Sitio Web y\/o los servicios ofrecidos por Bodega Punku, incluyendo, sin car\u00e1cter limitativo, los da\u00f1os directos o indirectos, la p\u00e9rdida de beneficios o la interrupci\u00f3n del negocio.\t\t\t\t\t\t<\/div>\n\t\t\t\t<\/div>\n\t\t\t\t<div class=\"elementor-element elementor-element-796d251 elementor-widget elementor-widget-heading\" data-id=\"796d251\" data-element_type=\"widget\" data-widget_type=\"heading.default\">\n\t\t\t\t<div class=\"elementor-widget-container\">\n\t\t\t<h3 class=\"elementor-heading-title elementor-size-large\">Modificaciones de los t\u00e9rminos y condiciones<\/h3>\t\t<\/div>\n\t\t\t\t<\/div>\n\t\t\t\t<div class=\"elementor-element elementor-element-b1d6b1a elementor-widget elementor-widget-text-editor\" data-id=\"b1d6b1a\" data-element_type=\"widget\" data-widget_type=\"text-editor.default\">\n\t\t\t\t<div class=\"elementor-widget-container\">\n\t\t\t\t\t\t\tBodega Punku se reserva el derecho de modificar en cualquier momento estos T\u00e9rminos y Condiciones. El Usuario estar\u00e1 sujeto a los T\u00e9rminos y Condiciones vigentes en el momento de su uso del Sitio Web y\/o los servicios ofrecidos por Bodega Punku.\t\t\t\t\t\t<\/div>\n\t\t\t\t<\/div>\n\t\t\t\t<div class=\"elementor-element elementor-element-afc0438 elementor-widget elementor-widget-heading\" data-id=\"afc0438\" data-element_type=\"widget\" data-widget_type=\"heading.default\">\n\t\t\t\t<div class=\"elementor-widget-container\">\n\t\t\t<h3 class=\"elementor-heading-title elementor-size-large\">Legislaci\u00f3n aplicable y jurisdicci\u00f3n<\/h3>\t\t<\/div>\n\t\t\t\t<\/div>\n\t\t\t\t<div class=\"elementor-element elementor-element-a7dd4f9 elementor-widget elementor-widget-text-editor\" data-id=\"a7dd4f9\" data-element_type=\"widget\" data-widget_type=\"text-editor.default\">\n\t\t\t\t<div class=\"elementor-widget-container\">\n\t\t\t\t\t\t\tEstos T\u00e9rminos y Condiciones se regir\u00e1n e interpretar\u00e1n de acuerdo con la legislaci\u00f3n espa\u00f1ola. Para cualquier controversia que pudiera derivarse del acceso o uso del Sitio Web y\/o los servicios ofrecidos por Bodega Punku, las partes se someten a los juzgados y tribunales de la ciudad de [insertar ciudad] (Espa\u00f1a), renunciando a cualquier otro fuero que pudiera corresponderles.\t\t\t\t\t\t<\/div>\n\t\t\t\t<\/div>\n\t\t\t\t\t<\/div>\n\t\t<\/div>\n\t\t\t\t\t<\/div>\n\t\t<\/section>\n\t\t\t\t<\/div>","protected":false},"excerpt":{"rendered":"<p>T\u00e9rminos y Condiciones \u00a0 Bienvenido a Bodega Punku. Estos T\u00e9rminos y Condiciones se aplican al uso del sitio web https:\/\/bodegapunku.com\/ (en adelante, el \u00abSitio Web\u00bb) y los servicios ofrecidos por Bodega Punku a trav\u00e9s del Sitio Web. Al utilizar el Sitio Web y\/o los servicios ofrecidos por Bodega Punku, el usuario (en adelante, \u00abUsuario\u00bb) acepta [&hellip;]<\/p>","protected":false},"author":1,"featured_media":0,"parent":0,"menu_order":0,"comment_status":"closed","ping_status":"closed","template":"","meta":{"_uag_custom_page_level_css":"","site-sidebar-layout":"no-sidebar","site-content-layout":"page-builder","ast-site-content-layout":"full-width-container","site-content-style":"unboxed","site-sidebar-style":"unboxed","ast-global-header-display":"","ast-banner-title-visibility":"","ast-main-header-display":"","ast-hfb-above-header-display":"","ast-hfb-below-header-display":"","ast-hfb-mobile-header-display":"","site-post-title":"disabled","ast-breadcrumbs-content":"disabled","ast-featured-img":"disabled","footer-sml-layout":"","theme-transparent-header-meta":"enabled","adv-header-id-meta":"","stick-header-meta":"","header-above-stick-meta":"","header-main-stick-meta":"","header-below-stick-meta":"","astra-migrate-meta-layouts":"set","ast-page-background-enabled":"default","ast-page-background-meta":{"desktop":{"background-color":"","background-image":"","background-repeat":"repeat","background-position":"center center","background-size":"auto","background-attachment":"scroll","background-type":"","background-media":"","overlay-type":"","overlay-color":"","overlay-gradient":""},"tablet":{"background-color":"","background-image":"","background-repeat":"repeat","background-position":"center center","background-size":"auto","background-attachment":"scroll","background-type":"","background-media":"","overlay-type":"","overlay-color":"","overlay-gradient":""},"mobile":{"background-color":"","background-image":"","background-repeat":"repeat","background-position":"center center","background-size":"auto","background-attachment":"scroll","background-type":"","background-media":"","overlay-type":"","overlay-color":"","overlay-gradient":""}},"ast-content-background-meta":{"desktop":{"background-color":"var(--ast-global-color-5)","background-image":"","background-repeat":"repeat","background-position":"center center","background-size":"auto","background-attachment":"scroll","background-type":"","background-media":"","overlay-type":"","overlay-color":"","overlay-gradient":""},"tablet":{"background-color":"var(--ast-global-color-5)","background-image":"","background-repeat":"repeat","background-position":"center center","background-size":"auto","background-attachment":"scroll","background-type":"","background-media":"","overlay-type":"","overlay-color":"","overlay-gradient":""},"mobile":{"background-color":"var(--ast-global-color-5)","background-image":"","background-repeat":"repeat","background-position":"center center","background-size":"auto","background-attachment":"scroll","background-type":"","background-media":"","overlay-type":"","overlay-color":"","overlay-gradient":""}},"footnotes":""},"class_list":["post-1774","page","type-page","status-publish","hentry"],"yoast_head":"<!-- This site is optimized with the Yoast SEO plugin v23.0 - https:\/\/yoast.com\/wordpress\/plugins\/seo\/ -->\n<title>T\u00e9rminos y condiciones | Bodega Punku<\/title>\n<meta name=\"robots\" content=\"noindex, nofollow\" \/>\n<meta property=\"og:locale\" content=\"en_US\" \/>\n<meta property=\"og:type\" content=\"article\" \/>\n<meta property=\"og:title\" content=\"T\u00e9rminos y condiciones | Bodega Punku\" \/>\n<meta property=\"og:description\" content=\"T\u00e9rminos y Condiciones \u00a0 Bienvenido a Bodega Punku. Estos T\u00e9rminos y Condiciones se aplican al uso del sitio web https:\/\/bodegapunku.com\/ (en adelante, el \u00abSitio Web\u00bb) y los servicios ofrecidos por Bodega Punku a trav\u00e9s del Sitio Web. Al utilizar el Sitio Web y\/o los servicios ofrecidos por Bodega Punku, el usuario (en adelante, \u00abUsuario\u00bb) acepta [&hellip;]\" \/>\n<meta property=\"og:url\" content=\"https:\/\/bodegapunku.com\/en\/terminos-y-condiciones\" \/>\n<meta property=\"og:site_name\" content=\"Bodega Punku\" \/>\n<meta property=\"article:publisher\" content=\"https:\/\/www.instagram.com\/bodegapunku\/\" \/>\n<meta property=\"article:modified_time\" content=\"2024-07-09T22:53:13+00:00\" \/>\n<meta property=\"og:image\" content=\"https:\/\/bodegapunku.com\/wp-content\/uploads\/2024\/06\/Bodega_Punku_Vinos.webp\" \/>\n\t<meta property=\"og:image:width\" content=\"1200\" \/>\n\t<meta property=\"og:image:height\" content=\"675\" \/>\n\t<meta property=\"og:image:type\" content=\"image\/webp\" \/>\n<meta name=\"twitter:card\" content=\"summary_large_image\" \/>\n<meta name=\"twitter:label1\" content=\"Est. reading time\" \/>\n\t<meta name=\"twitter:data1\" content=\"3 minutes\" \/>\n<script type=\"application\/ld+json\" class=\"yoast-schema-graph\">{\"@context\":\"https:\/\/schema.org\",\"@graph\":[{\"@type\":\"WebPage\",\"@id\":\"https:\/\/bodegapunku.com\/en\/terminos-y-condiciones\",\"url\":\"https:\/\/bodegapunku.com\/en\/terminos-y-condiciones\",\"name\":\"T\u00e9rminos y condiciones | Bodega Punku\",\"isPartOf\":{\"@id\":\"http:\/\/bodegapunku.com\/#website\"},\"datePublished\":\"2023-03-26T22:56:14+00:00\",\"dateModified\":\"2024-07-09T22:53:13+00:00\",\"breadcrumb\":{\"@id\":\"https:\/\/bodegapunku.com\/en\/terminos-y-condiciones#breadcrumb\"},\"inLanguage\":\"en-US\",\"potentialAction\":[{\"@type\":\"ReadAction\",\"target\":[\"https:\/\/bodegapunku.com\/en\/terminos-y-condiciones\"]}]},{\"@type\":\"BreadcrumbList\",\"@id\":\"https:\/\/bodegapunku.com\/en\/terminos-y-condiciones#breadcrumb\",\"itemListElement\":[{\"@type\":\"ListItem\",\"position\":1,\"name\":\"Portada\",\"item\":\"http:\/\/bodegapunku.com\/\"},{\"@type\":\"ListItem\",\"position\":2,\"name\":\"T\u00e9rminos y condiciones\"}]},{\"@type\":\"WebSite\",\"@id\":\"http:\/\/bodegapunku.com\/#website\",\"url\":\"http:\/\/bodegapunku.com\/\",\"name\":\"Bodega Punku\",\"description\":\"Punku Cowinery, con sus ra\u00edces en Catalu\u00f1a y parte de su coraz\u00f3n en el norte argentino, es una casa de vinos que tiene guardado un lugar e historias para compartir contigo. Adelante, \u00a1pasa y disfruta!\",\"publisher\":{\"@id\":\"http:\/\/bodegapunku.com\/#organization\"},\"potentialAction\":[{\"@type\":\"SearchAction\",\"target\":{\"@type\":\"EntryPoint\",\"urlTemplate\":\"http:\/\/bodegapunku.com\/?s={search_term_string}\"},\"query-input\":\"required name=search_term_string\"}],\"inLanguage\":\"en-US\"},{\"@type\":\"Organization\",\"@id\":\"http:\/\/bodegapunku.com\/#organization\",\"name\":\"Bodega Punku\",\"url\":\"http:\/\/bodegapunku.com\/\",\"logo\":{\"@type\":\"ImageObject\",\"inLanguage\":\"en-US\",\"@id\":\"http:\/\/bodegapunku.com\/#\/schema\/logo\/image\/\",\"url\":\"https:\/\/bodegapunku.com\/wp-content\/uploads\/2024\/04\/Punku-sello-positivo.jpg\",\"contentUrl\":\"https:\/\/bodegapunku.com\/wp-content\/uploads\/2024\/04\/Punku-sello-positivo.jpg\",\"width\":1684,\"height\":1190,\"caption\":\"Bodega Punku\"},\"image\":{\"@id\":\"http:\/\/bodegapunku.com\/#\/schema\/logo\/image\/\"},\"sameAs\":[\"https:\/\/www.instagram.com\/bodegapunku\/\"]}]}<\/script>\n<!-- \/ Yoast SEO plugin. -->","yoast_head_json":{"title":"T\u00e9rminos y condiciones | Bodega Punku","robots":{"index":"noindex","follow":"nofollow"},"og_locale":"en_US","og_type":"article","og_title":"T\u00e9rminos y condiciones | Bodega Punku","og_description":"T\u00e9rminos y Condiciones \u00a0 Bienvenido a Bodega Punku. Estos T\u00e9rminos y Condiciones se aplican al uso del sitio web https:\/\/bodegapunku.com\/ (en adelante, el \u00abSitio Web\u00bb) y los servicios ofrecidos por Bodega Punku a trav\u00e9s del Sitio Web. Al utilizar el Sitio Web y\/o los servicios ofrecidos por Bodega Punku, el usuario (en adelante, \u00abUsuario\u00bb) acepta [&hellip;]","og_url":"https:\/\/bodegapunku.com\/en\/terminos-y-condiciones","og_site_name":"Bodega Punku","article_publisher":"https:\/\/www.instagram.com\/bodegapunku\/","article_modified_time":"2024-07-09T22:53:13+00:00","og_image":[{"width":1200,"height":675,"url":"https:\/\/bodegapunku.com\/wp-content\/uploads\/2024\/06\/Bodega_Punku_Vinos.webp","type":"image\/webp"}],"twitter_card":"summary_large_image","twitter_misc":{"Est. reading time":"3 minutes"},"schema":{"@context":"https:\/\/schema.org","@graph":[{"@type":"WebPage","@id":"https:\/\/bodegapunku.com\/en\/terminos-y-condiciones","url":"https:\/\/bodegapunku.com\/en\/terminos-y-condiciones","name":"T\u00e9rminos y condiciones | Bodega Punku","isPartOf":{"@id":"http:\/\/bodegapunku.com\/#website"},"datePublished":"2023-03-26T22:56:14+00:00","dateModified":"2024-07-09T22:53:13+00:00","breadcrumb":{"@id":"https:\/\/bodegapunku.com\/en\/terminos-y-condiciones#breadcrumb"},"inLanguage":"en-US","potentialAction":[{"@type":"ReadAction","target":["https:\/\/bodegapunku.com\/en\/terminos-y-condiciones"]}]},{"@type":"BreadcrumbList","@id":"https:\/\/bodegapunku.com\/en\/terminos-y-condiciones#breadcrumb","itemListElement":[{"@type":"ListItem","position":1,"name":"Portada","item":"http:\/\/bodegapunku.com\/"},{"@type":"ListItem","position":2,"name":"T\u00e9rminos y condiciones"}]},{"@type":"WebSite","@id":"http:\/\/bodegapunku.com\/#website","url":"http:\/\/bodegapunku.com\/","name":"Bodega Punku","description":"Punku Cowinery, con sus ra\u00edces en Catalu\u00f1a y parte de su coraz\u00f3n en el norte argentino, es una casa de vinos que tiene guardado un lugar e historias para compartir contigo. Adelante, \u00a1pasa y disfruta!","publisher":{"@id":"http:\/\/bodegapunku.com\/#organization"},"potentialAction":[{"@type":"SearchAction","target":{"@type":"EntryPoint","urlTemplate":"http:\/\/bodegapunku.com\/?s={search_term_string}"},"query-input":"required name=search_term_string"}],"inLanguage":"en-US"},{"@type":"Organization","@id":"http:\/\/bodegapunku.com\/#organization","name":"Bodega Punku","url":"http:\/\/bodegapunku.com\/","logo":{"@type":"ImageObject","inLanguage":"en-US","@id":"http:\/\/bodegapunku.com\/#\/schema\/logo\/image\/","url":"https:\/\/bodegapunku.com\/wp-content\/uploads\/2024\/04\/Punku-sello-positivo.jpg","contentUrl":"https:\/\/bodegapunku.com\/wp-content\/uploads\/2024\/04\/Punku-sello-positivo.jpg","width":1684,"height":1190,"caption":"Bodega Punku"},"image":{"@id":"http:\/\/bodegapunku.com\/#\/schema\/logo\/image\/"},"sameAs":["https:\/\/www.instagram.com\/bodegapunku\/"]}]}},"uagb_featured_image_src":{"full":false,"thumbnail":false,"medium":false,"medium_large":false,"large":false,"1536x1536":false,"2048x2048":false,"trp-custom-language-flag":false},"uagb_author_info":{"display_name":"adminP2302","author_link":"https:\/\/bodegapunku.com\/en\/author\/adminp2302"},"uagb_comment_info":0,"uagb_excerpt":"T\u00e9rminos y Condiciones \u00a0 Bienvenido a Bodega Punku. Estos T\u00e9rminos y Condiciones se aplican al uso del sitio web https:\/\/bodegapunku.com\/ (en adelante, el \u00abSitio Web\u00bb) y los servicios ofrecidos por Bodega Punku a trav\u00e9s del Sitio Web. Al utilizar el Sitio Web y\/o los servicios ofrecidos por Bodega Punku, el usuario (en adelante, \u00abUsuario\u00bb) acepta&hellip;","_links":{"self":[{"href":"https:\/\/bodegapunku.com\/en\/wp-json\/wp\/v2\/pages\/1774","targetHints":{"allow":["GET"]}}],"collection":[{"href":"https:\/\/bodegapunku.com\/en\/wp-json\/wp\/v2\/pages"}],"about":[{"href":"https:\/\/bodegapunku.com\/en\/wp-json\/wp\/v2\/types\/page"}],"author":[{"embeddable":true,"href":"https:\/\/bodegapunku.com\/en\/wp-json\/wp\/v2\/users\/1"}],"replies":[{"embeddable":true,"href":"https:\/\/bodegapunku.com\/en\/wp-json\/wp\/v2\/comments?post=1774"}],"version-history":[{"count":23,"href":"https:\/\/bodegapunku.com\/en\/wp-json\/wp\/v2\/pages\/1774\/revisions"}],"predecessor-version":[{"id":3918,"href":"https:\/\/bodegapunku.com\/en\/wp-json\/wp\/v2\/pages\/1774\/revisions\/3918"}],"wp:attachment":[{"href":"https:\/\/bodegapunku.com\/en\/wp-json\/wp\/v2\/media?parent=1774"}],"curies":[{"name":"wp","href":"https:\/\/api.w.org\/{rel}","templated":true}]}}